{"id":26,"date":"2023-08-29T23:45:11","date_gmt":"2023-08-29T23:45:11","guid":{"rendered":"https:\/\/redessociales.vip\/?page_id=26"},"modified":"2023-10-30T03:52:04","modified_gmt":"2023-10-30T03:52:04","slug":"beneficios","status":"publish","type":"page","link":"https:\/\/redessociales.vip\/?page_id=26","title":{"rendered":"Beneficios"},"content":{"rendered":"\t\t<div data-elementor-type=\"wp-page\" data-elementor-id=\"26\" class=\"elementor elementor-26\" data-elementor-post-type=\"page\">\n\t\t\t\t\t\t<section class=\"elementor-section elementor-top-section elementor-element elementor-element-2fc79325 elementor-section-full_width elementor-section-height-default elementor-section-height-default\" data-id=\"2fc79325\" data-element_type=\"section\">\n\t\t\t\t\t\t<div class=\"elementor-container elementor-column-gap-no\">\n\t\t\t\t\t<div class=\"elementor-column elementor-col-100 elementor-top-column elementor-element elementor-element-1b9de7\" data-id=\"1b9de7\" data-element_type=\"column\">\n\t\t\t<div class=\"elementor-widget-wrap elementor-element-populated\">\n\t\t\t\t\t\t<div class=\"elementor-element elementor-element-5cc78a9 elementor-widget__width-initial elementor-widget elementor-widget-text-editor\" data-id=\"5cc78a9\" data-element_type=\"widget\" data-widget_type=\"text-editor.default\">\n\t\t\t\t<div class=\"elementor-widget-container\">\n\t\t\t\t\t\t\t\t\t<h1 class=\"elementor-heading-title elementor-size-default elementor-inline-editing pen\" contenteditable=\"true\" data-elementor-setting-key=\"title\" data-pen-placeholder=\"Type Here...\"><strong><span style=\"color: #84c7d0;\">Beneficios destacados que obtendr\u00e1s <\/span><span style=\"color: #9297c4;\">con Redes sociales VIP\u200b<\/span><\/strong><\/h1>\t\t\t\t\t\t\t\t<\/div>\n\t\t\t\t<\/div>\n\t\t\t\t<section class=\"elementor-section elementor-inner-section elementor-element elementor-element-22ebac09 elementor-section-full_width elementor-section-height-default elementor-section-height-default\" data-id=\"22ebac09\" data-element_type=\"section\">\n\t\t\t\t\t\t<div class=\"elementor-container elementor-column-gap-no\">\n\t\t\t\t\t<div class=\"elementor-column elementor-col-33 elementor-inner-column elementor-element elementor-element-55f05342\" data-id=\"55f05342\" data-element_type=\"column\">\n\t\t\t<div class=\"elementor-widget-wrap elementor-element-populated\">\n\t\t\t\t\t\t<div class=\"elementor-element elementor-element-22497389 elementor-position-top elementor-widget elementor-widget-image-box\" data-id=\"22497389\" data-element_type=\"widget\" data-widget_type=\"image-box.default\">\n\t\t\t\t<div class=\"elementor-widget-container\">\n\t\t\t\t\t<div class=\"elementor-image-box-wrapper\"><figure class=\"elementor-image-box-img\"><img fetchpriority=\"high\" decoding=\"async\" width=\"683\" height=\"600\" src=\"https:\/\/redessociales.vip\/wp-content\/uploads\/2023\/08\/Image_Placeholder-13122021.jpg\" class=\"elementor-animation-grow attachment-full size-full wp-image-29\" alt=\"\" srcset=\"https:\/\/redessociales.vip\/wp-content\/uploads\/2023\/08\/Image_Placeholder-13122021.jpg 683w, https:\/\/redessociales.vip\/wp-content\/uploads\/2023\/08\/Image_Placeholder-13122021-300x264.jpg 300w\" sizes=\"(max-width: 683px) 100vw, 683px\" \/><\/figure><div class=\"elementor-image-box-content\"><h4 class=\"elementor-image-box-title\">Conexiones globales <\/h4><p class=\"elementor-image-box-description\">Establece v\u00ednculos con profesionales de \u00e9lite de diversas partes del mundo en las\nredes sociales, engrandeciendo tu red y oportunidades de colaboraci\u00f3n y networking<\/p><\/div><\/div>\t\t\t\t<\/div>\n\t\t\t\t<\/div>\n\t\t\t\t\t<\/div>\n\t\t<\/div>\n\t\t\t\t<div class=\"elementor-column elementor-col-33 elementor-inner-column elementor-element elementor-element-602ba1c4\" data-id=\"602ba1c4\" data-element_type=\"column\">\n\t\t\t<div class=\"elementor-widget-wrap elementor-element-populated\">\n\t\t\t\t\t\t<div class=\"elementor-element elementor-element-4f44cb1c elementor-position-top elementor-widget elementor-widget-image-box\" data-id=\"4f44cb1c\" data-element_type=\"widget\" data-widget_type=\"image-box.default\">\n\t\t\t\t<div class=\"elementor-widget-container\">\n\t\t\t\t\t<div class=\"elementor-image-box-wrapper\"><figure class=\"elementor-image-box-img\"><img fetchpriority=\"high\" decoding=\"async\" width=\"683\" height=\"600\" src=\"https:\/\/redessociales.vip\/wp-content\/uploads\/2023\/08\/Image_Placeholder-13122021.jpg\" class=\"elementor-animation-grow attachment-full size-full wp-image-29\" alt=\"\" srcset=\"https:\/\/redessociales.vip\/wp-content\/uploads\/2023\/08\/Image_Placeholder-13122021.jpg 683w, https:\/\/redessociales.vip\/wp-content\/uploads\/2023\/08\/Image_Placeholder-13122021-300x264.jpg 300w\" sizes=\"(max-width: 683px) 100vw, 683px\" \/><\/figure><div class=\"elementor-image-box-content\"><h4 class=\"elementor-image-box-title\">Interacci\u00f3n de calidad <\/h4><p class=\"elementor-image-box-description\">Comparte, aprende y crece mediante el intercambio de experiencias y conocimientos\nvaliosos en un ambiente que promueve la excelencia en las redes sociales y la\npublicidad digital.<\/p><\/div><\/div>\t\t\t\t<\/div>\n\t\t\t\t<\/div>\n\t\t\t\t\t<\/div>\n\t\t<\/div>\n\t\t\t\t<div class=\"elementor-column elementor-col-33 elementor-inner-column elementor-element elementor-element-15eefcb6\" data-id=\"15eefcb6\" data-element_type=\"column\">\n\t\t\t<div class=\"elementor-widget-wrap elementor-element-populated\">\n\t\t\t\t\t\t<div class=\"elementor-element elementor-element-e33d2f8 elementor-position-top elementor-widget elementor-widget-image-box\" data-id=\"e33d2f8\" data-element_type=\"widget\" data-widget_type=\"image-box.default\">\n\t\t\t\t<div class=\"elementor-widget-container\">\n\t\t\t\t\t<div class=\"elementor-image-box-wrapper\"><figure class=\"elementor-image-box-img\"><img fetchpriority=\"high\" decoding=\"async\" width=\"683\" height=\"600\" src=\"https:\/\/redessociales.vip\/wp-content\/uploads\/2023\/08\/Image_Placeholder-13122021.jpg\" class=\"elementor-animation-grow attachment-full size-full wp-image-29\" alt=\"\" srcset=\"https:\/\/redessociales.vip\/wp-content\/uploads\/2023\/08\/Image_Placeholder-13122021.jpg 683w, https:\/\/redessociales.vip\/wp-content\/uploads\/2023\/08\/Image_Placeholder-13122021-300x264.jpg 300w\" sizes=\"(max-width: 683px) 100vw, 683px\" \/><\/figure><div class=\"elementor-image-box-content\"><h4 class=\"elementor-image-box-title\">Contenido excepcional<\/h4><p class=\"elementor-image-box-description\">Accede a un reservorio de contenido cuidadosamente seleccionado, brind\u00e1ndote\nperspectivas enriquecedoras y actuales en tu campo de la publicidad digital.<\/p><\/div><\/div>\t\t\t\t<\/div>\n\t\t\t\t<\/div>\n\t\t\t\t\t<\/div>\n\t\t<\/div>\n\t\t\t\t\t<\/div>\n\t\t<\/section>\n\t\t\t\t\t<\/div>\n\t\t<\/div>\n\t\t\t\t\t<\/div>\n\t\t<\/section>\n\t\t\t\t<section class=\"elementor-section elementor-top-section elementor-element elementor-element-3cf8a73 elementor-section-full_width elementor-section-height-default elementor-section-height-default\" data-id=\"3cf8a73\" data-element_type=\"section\">\n\t\t\t\t\t\t<div class=\"elementor-container elementor-column-gap-no\">\n\t\t\t\t\t<div class=\"elementor-column elementor-col-100 elementor-top-column elementor-element elementor-element-87aec99\" data-id=\"87aec99\" data-element_type=\"column\">\n\t\t\t<div class=\"elementor-widget-wrap elementor-element-populated\">\n\t\t\t\t\t\t<div class=\"elementor-element elementor-element-0e41e96 elementor-widget__width-initial elementor-widget elementor-widget-text-editor\" data-id=\"0e41e96\" data-element_type=\"widget\" data-widget_type=\"text-editor.default\">\n\t\t\t\t<div class=\"elementor-widget-container\">\n\t\t\t\t\t\t\t\t\t<h2 class=\"elementor-heading-title elementor-size-default elementor-inline-editing pen\" contenteditable=\"true\" data-elementor-setting-key=\"title\" data-pen-placeholder=\"Type Here...\"><strong><span style=\"color: #84c7d0;\">Servicios que ofrecemos <\/span><span style=\"color: #9297c4;\">en Redes sociales VIP\u200b<\/span><\/strong><\/h2>\t\t\t\t\t\t\t\t<\/div>\n\t\t\t\t<\/div>\n\t\t\t\t<section class=\"elementor-section elementor-inner-section elementor-element elementor-element-4c4ea38 elementor-section-full_width elementor-section-height-default elementor-section-height-default\" data-id=\"4c4ea38\" data-element_type=\"section\">\n\t\t\t\t\t\t<div class=\"elementor-container elementor-column-gap-no\">\n\t\t\t\t\t<div class=\"elementor-column elementor-col-25 elementor-inner-column elementor-element elementor-element-ddc79f3\" data-id=\"ddc79f3\" data-element_type=\"column\">\n\t\t\t<div class=\"elementor-widget-wrap elementor-element-populated\">\n\t\t\t\t\t\t<div class=\"elementor-element elementor-element-04f6652 elementor-position-top elementor-widget elementor-widget-image-box\" data-id=\"04f6652\" data-element_type=\"widget\" data-widget_type=\"image-box.default\">\n\t\t\t\t<div class=\"elementor-widget-container\">\n\t\t\t\t\t<div class=\"elementor-image-box-wrapper\"><figure class=\"elementor-image-box-img\"><img fetchpriority=\"high\" decoding=\"async\" width=\"683\" height=\"600\" src=\"https:\/\/redessociales.vip\/wp-content\/uploads\/2023\/08\/Image_Placeholder-13122021.jpg\" class=\"elementor-animation-grow attachment-full size-full wp-image-29\" alt=\"\" srcset=\"https:\/\/redessociales.vip\/wp-content\/uploads\/2023\/08\/Image_Placeholder-13122021.jpg 683w, https:\/\/redessociales.vip\/wp-content\/uploads\/2023\/08\/Image_Placeholder-13122021-300x264.jpg 300w\" sizes=\"(max-width: 683px) 100vw, 683px\" \/><\/figure><div class=\"elementor-image-box-content\"><h4 class=\"elementor-image-box-title\">Estrategia de contenido y publicidad<\/h4><p class=\"elementor-image-box-description\">Nuestro equipo de expertos trabaja en estrecha colaboraci\u00f3n contigo para desarrollar\nestrategias de contenido efectivas. Esto incluye la gesti\u00f3n de campa\u00f1as de publicidad\ndigital en plataformas l\u00edderes como Meta (anteriormente Facebook), TikTok, Google\nAds y Pinterest. Te ayudamos a definir tus objetivos, alcanzar tu audiencia objetivo y\nmedir el \u00e9xito de tus campa\u00f1as publicitarias.<\/p><\/div><\/div>\t\t\t\t<\/div>\n\t\t\t\t<\/div>\n\t\t\t\t\t<\/div>\n\t\t<\/div>\n\t\t\t\t<div class=\"elementor-column elementor-col-25 elementor-inner-column elementor-element elementor-element-8d2e5ca\" data-id=\"8d2e5ca\" data-element_type=\"column\">\n\t\t\t<div class=\"elementor-widget-wrap elementor-element-populated\">\n\t\t\t\t\t\t<div class=\"elementor-element elementor-element-f7b1bef elementor-position-top elementor-widget elementor-widget-image-box\" data-id=\"f7b1bef\" data-element_type=\"widget\" data-widget_type=\"image-box.default\">\n\t\t\t\t<div class=\"elementor-widget-container\">\n\t\t\t\t\t<div class=\"elementor-image-box-wrapper\"><figure class=\"elementor-image-box-img\"><img fetchpriority=\"high\" decoding=\"async\" width=\"683\" height=\"600\" src=\"https:\/\/redessociales.vip\/wp-content\/uploads\/2023\/08\/Image_Placeholder-13122021.jpg\" class=\"elementor-animation-grow attachment-full size-full wp-image-29\" alt=\"\" srcset=\"https:\/\/redessociales.vip\/wp-content\/uploads\/2023\/08\/Image_Placeholder-13122021.jpg 683w, https:\/\/redessociales.vip\/wp-content\/uploads\/2023\/08\/Image_Placeholder-13122021-300x264.jpg 300w\" sizes=\"(max-width: 683px) 100vw, 683px\" \/><\/figure><div class=\"elementor-image-box-content\"><h4 class=\"elementor-image-box-title\"> An\u00e1lisis de datos y rendimiento<\/h4><p class=\"elementor-image-box-description\">No dejamos nada al azar. Utilizamos herramientas anal\u00edticas avanzadas para rastrear\ny evaluar el rendimiento de tu presencia online y tus estrategias de networking. Esto\nincluye el an\u00e1lisis de m\u00e9tricas clave, como el tr\u00e1fico del sitio web, la participaci\u00f3n en\nredes y la conversi\u00f3n de visitantes en clientes.<\/p><\/div><\/div>\t\t\t\t<\/div>\n\t\t\t\t<\/div>\n\t\t\t\t\t<\/div>\n\t\t<\/div>\n\t\t\t\t<div class=\"elementor-column elementor-col-25 elementor-inner-column elementor-element elementor-element-c5b4e63\" data-id=\"c5b4e63\" data-element_type=\"column\">\n\t\t\t<div class=\"elementor-widget-wrap elementor-element-populated\">\n\t\t\t\t\t\t<div class=\"elementor-element elementor-element-eb4c14d elementor-position-top elementor-widget elementor-widget-image-box\" data-id=\"eb4c14d\" data-element_type=\"widget\" data-widget_type=\"image-box.default\">\n\t\t\t\t<div class=\"elementor-widget-container\">\n\t\t\t\t\t<div class=\"elementor-image-box-wrapper\"><figure class=\"elementor-image-box-img\"><img fetchpriority=\"high\" decoding=\"async\" width=\"683\" height=\"600\" src=\"https:\/\/redessociales.vip\/wp-content\/uploads\/2023\/08\/Image_Placeholder-13122021.jpg\" class=\"elementor-animation-grow attachment-full size-full wp-image-29\" alt=\"\" srcset=\"https:\/\/redessociales.vip\/wp-content\/uploads\/2023\/08\/Image_Placeholder-13122021.jpg 683w, https:\/\/redessociales.vip\/wp-content\/uploads\/2023\/08\/Image_Placeholder-13122021-300x264.jpg 300w\" sizes=\"(max-width: 683px) 100vw, 683px\" \/><\/figure><div class=\"elementor-image-box-content\"><h4 class=\"elementor-image-box-title\">Desarrollo de contenido de calidad <\/h4><p class=\"elementor-image-box-description\">Generar contenido de alta calidad es fundamental para el \u00e9xito en las redes sociales y\nla publicidad digital. Nuestro equipo de creadores de contenido trabaja en colaboraci\u00f3n\ncontigo para producir contenido atractivo y relevante que resuene con tu audiencia y\nmejore tu estrategia de publicidad.<\/p><\/div><\/div>\t\t\t\t<\/div>\n\t\t\t\t<\/div>\n\t\t\t\t\t<\/div>\n\t\t<\/div>\n\t\t\t\t<div class=\"elementor-column elementor-col-25 elementor-inner-column elementor-element elementor-element-113828d\" data-id=\"113828d\" data-element_type=\"column\">\n\t\t\t<div class=\"elementor-widget-wrap elementor-element-populated\">\n\t\t\t\t\t\t<div class=\"elementor-element elementor-element-9a140ef elementor-position-top elementor-widget elementor-widget-image-box\" data-id=\"9a140ef\" data-element_type=\"widget\" data-widget_type=\"image-box.default\">\n\t\t\t\t<div class=\"elementor-widget-container\">\n\t\t\t\t\t<div class=\"elementor-image-box-wrapper\"><figure class=\"elementor-image-box-img\"><img fetchpriority=\"high\" decoding=\"async\" width=\"683\" height=\"600\" src=\"https:\/\/redessociales.vip\/wp-content\/uploads\/2023\/08\/Image_Placeholder-13122021.jpg\" class=\"elementor-animation-grow attachment-full size-full wp-image-29\" alt=\"\" srcset=\"https:\/\/redessociales.vip\/wp-content\/uploads\/2023\/08\/Image_Placeholder-13122021.jpg 683w, https:\/\/redessociales.vip\/wp-content\/uploads\/2023\/08\/Image_Placeholder-13122021-300x264.jpg 300w\" sizes=\"(max-width: 683px) 100vw, 683px\" \/><\/figure><div class=\"elementor-image-box-content\"><h4 class=\"elementor-image-box-title\">Formaci\u00f3n y asesoramiento<\/h4><p class=\"elementor-image-box-description\">Entendemos que el paisaje digital y las redes sociales est\u00e1n en constante evoluci\u00f3n.\nOfrecemos servicios de formaci\u00f3n y asesoramiento para mantenerte actualizado con las \u00faltimas tendencias en la publicidad digital.<\/p><\/div><\/div>\t\t\t\t<\/div>\n\t\t\t\t<\/div>\n\t\t\t\t\t<\/div>\n\t\t<\/div>\n\t\t\t\t\t<\/div>\n\t\t<\/section>\n\t\t\t\t\t<\/div>\n\t\t<\/div>\n\t\t\t\t\t<\/div>\n\t\t<\/section>\n\t\t\t\t<\/div>\n\t\t","protected":false},"excerpt":{"rendered":"<p>Beneficios destacados que obtendr\u00e1s con Redes sociales VIP\u200b Conexiones globales Establece v\u00ednculos con profesionales de \u00e9lite de diversas partes del mundo en las redes sociales, engrandeciendo tu red y oportunidades de colaboraci\u00f3n y networking Interacci\u00f3n de calidad Comparte, aprende y crece mediante el intercambio de experiencias y conocimientos valiosos en un ambiente que promueve la [&hellip;]<\/p>\n","protected":false},"author":1,"featured_media":0,"parent":0,"menu_order":0,"comment_status":"closed","ping_status":"closed","template":"elementor_header_footer","meta":{"footnotes":""},"_links":{"self":[{"href":"https:\/\/redessociales.vip\/index.php?rest_route=\/wp\/v2\/pages\/26"}],"collection":[{"href":"https:\/\/redessociales.vip\/index.php?rest_route=\/wp\/v2\/pages"}],"about":[{"href":"https:\/\/redessociales.vip\/index.php?rest_route=\/wp\/v2\/types\/page"}],"author":[{"embeddable":true,"href":"https:\/\/redessociales.vip\/index.php?rest_route=\/wp\/v2\/users\/1"}],"replies":[{"embeddable":true,"href":"https:\/\/redessociales.vip\/index.php?rest_route=%2Fwp%2Fv2%2Fcomments&post=26"}],"version-history":[{"count":11,"href":"https:\/\/redessociales.vip\/index.php?rest_route=\/wp\/v2\/pages\/26\/revisions"}],"predecessor-version":[{"id":212,"href":"https:\/\/redessociales.vip\/index.php?rest_route=\/wp\/v2\/pages\/26\/revisions\/212"}],"wp:attachment":[{"href":"https:\/\/redessociales.vip\/index.php?rest_route=%2Fwp%2Fv2%2Fmedia&parent=26"}],"curies":[{"name":"wp","href":"https:\/\/api.w.org\/{rel}","templated":true}]}}